{"id":12639,"date":"2024-09-24T22:54:10","date_gmt":"2024-09-24T22:54:10","guid":{"rendered":"https:\/\/www.nlfrta.org\/?page_id=12639"},"modified":"2025-09-23T06:54:04","modified_gmt":"2025-09-23T06:54:04","slug":"usda-links","status":"publish","type":"page","link":"https:\/\/www.nlfrta.org\/es\/usda-links\/","title":{"rendered":"Ligas del USDA"},"content":{"rendered":"<div data-elementor-type=\"wp-page\" data-elementor-id=\"12639\" class=\"elementor elementor-12639\">\n\t\t\t\t\t\t<section class=\"elementor-section elementor-top-section elementor-element elementor-element-f6fe241 elementor-section-boxed elementor-section-height-default elementor-section-height-default\" data-id=\"f6fe241\" data-element_type=\"section\" data-settings=\"{&quot;background_background&quot;:&quot;classic&quot;}\">\n\t\t\t\t\t\t<div class=\"elementor-container elementor-column-gap-default\">\n\t\t\t\t\t<div class=\"elementor-column elementor-col-100 elementor-top-column elementor-element elementor-element-e3809c2\" data-id=\"e3809c2\" data-element_type=\"column\">\n\t\t\t<div class=\"elementor-widget-wrap elementor-element-populated\">\n\t\t\t\t\t\t<div class=\"elementor-element elementor-element-aa00437 poket-star-rating--align-center elementor-widget elementor-widget-witr_section_title\" data-id=\"aa00437\" data-element_type=\"widget\" data-widget_type=\"witr_section_title.default\">\n\t\t\t\t<div class=\"elementor-widget-container\">\n\t\t\t\t\t\t\t\t<!-- title center -->\n\t\t\t\t\t<div class=\"witr_section_title\">\n\t\t\t\t\t\t<div class=\"witr_section_title_inner text-center\">\n\n\t\t\t\t\t\t\t<!-- icon position -->\n\t\t\t\t\t\t\t\t\n\t\t\t\t\t\t\t<!-- end icon position -->\n\t\t\t\t\t\t\t\n\t\t\t\t\t\t\n\t\t\t\t\t\t\t<!-- title top -->\n\t\t\t\t\t\t\t\n\n\t\t\t\t\t\t\t<!-- icon position -->\n\t\t\t\t\t\t\t\t\n\t\t\t\t\t\t\t<!-- end icon position -->\n\n\n\t\t\t\t\t\t\t\n\t\t\t\t\t\t\t<!-- title middle -->\n\t\t\t\t\t\t\t\t\t\t\t\t\t\t\t<h3>Ligas del USDA<\/h3>\t\t\n\t\t\t\t\t\t\t\t\t\t\t\t\t\t<!-- title bottom -->\n\t\t\t\t\t\t\t\n\t\t\t\t\t\t\t\n\t\t\t\t\t\t\t\n\t\t\t\t\t\t\t\t\t\t\t\t\t\t\n\t\t\t\t\t\t\t<!-- image -->\n\t\t\t\t\t\t\t\t\t\t\t\t\t\t<!-- icon -->\n\t\t\t\t\t\t\t\t\t\t\t\t\t\t\n\t\t\t\t\t\t\t<!-- bar -->\n\t\t\t\t\t\t\t\t\t\t\t\t\t\t<!-- circle bar -->\n\t\t\t\t\t\t\t\t\t\t\t\t\t\t\n\t\t\t\t\t\t\t\t\n\t\t\t\t\t\t\t\n\n\t\t\t\t\t\t\t\n\t\t\t\t\t\t\t<!-- content -->\n\t\t\t\t\t\t\t\t\t\t\t\t\t\t\n\t\t\t\t\t\t<\/div>\n\t\t\t\t\t\t\t<!-- inner title -->\n\t\t\t\t\t\t\t\t\t\t\t\t\t\n\t\t\t\t\t<\/div>\n\n\t\t\t\t\t\t<\/div>\n\t\t\t\t<\/div>\n\t\t<div class=\"elementor-element elementor-element-ea02449 e-grid e-con-boxed e-con e-parent\" data-id=\"ea02449\" data-element_type=\"container\">\n\t\t\t\t\t<div class=\"e-con-inner\">\n\t\t\t\t<div class=\"elementor-element elementor-element-d522c41 poket-star-rating--align-center elementor-widget elementor-widget-witr_section_title\" data-id=\"d522c41\" data-element_type=\"widget\" data-widget_type=\"witr_section_title.default\">\n\t\t\t\t<div class=\"elementor-widget-container\">\n\t\t\t\t\t\t\t\t<!-- title center -->\n\t\t\t\t\t<div class=\"witr_section_title\">\n\t\t\t\t\t\t<div class=\"witr_section_title_inner text-center\">\n\n\t\t\t\t\t\t\t<!-- icon position -->\n\t\t\t\t\t\t\t\t\n\t\t\t\t\t\t\t<!-- end icon position -->\n\t\t\t\t\t\t\t\n\t\t\t\t\t\t\n\t\t\t\t\t\t\t<!-- title top -->\n\t\t\t\t\t\t\t\n\n\t\t\t\t\t\t\t<!-- icon position -->\n\t\t\t\t\t\t\t\t\n\t\t\t\t\t\t\t<!-- end icon position -->\n\n\n\t\t\t\t\t\t\t\n\t\t\t\t\t\t\t<!-- title middle -->\n\t\t\t\t\t\t\t\t\t\t\t\t\t\t<!-- title bottom -->\n\t\t\t\t\t\t\t\t\t\t\t\t\t\t\t<h1>En NLFR, nuestro objetivo es brindarles a los agricultores y ganaderos un acceso f\u00e1cil a las herramientas y el conocimiento que necesitan para prosperar.<\/h1>\t\t\n\t\t\t\t\t\t\t\n\t\t\t\t\t\t\t\n\t\t\t\t\t\t\t\n\t\t\t\t\t\t\t\t\t\t\t\t\t\t\n\t\t\t\t\t\t\t<!-- image -->\n\t\t\t\t\t\t\t\t\t\t\t\t\t\t<!-- icon -->\n\t\t\t\t\t\t\t\t\t\t\t\t\t\t\n\t\t\t\t\t\t\t<!-- bar -->\n\t\t\t\t\t\t\t\t\t\t\t\t\t\t<!-- circle bar -->\n\t\t\t\t\t\t\t\t\t\t\t\t\t\t\n\t\t\t\t\t\t\t\t\n\t\t\t\t\t\t\t\n\n\t\t\t\t\t\t\t\n\t\t\t\t\t\t\t<!-- content -->\n\t\t\t\t\t\t\t\t\t\t\t\t\t\t\n\t\t\t\t\t\t<\/div>\n\t\t\t\t\t\t\t<!-- inner title -->\n\t\t\t\t\t\t\t\t\t\t\t\t\t\n\t\t\t\t\t<\/div>\n\n\t\t\t\t\t\t<\/div>\n\t\t\t\t<\/div>\n\t\t\t\t<div class=\"elementor-element elementor-element-fe51324 elementor-widget elementor-widget-spacer\" data-id=\"fe51324\" data-element_type=\"widget\" data-widget_type=\"spacer.default\">\n\t\t\t\t<div class=\"elementor-widget-container\">\n\t\t\t<style>\/*! elementor - v3.22.0 - 26-06-2024 *\/\n.elementor-column .elementor-spacer-inner{height:var(--spacer-size)}.e-con{--container-widget-width:100%}.e-con-inner>.elementor-widget-spacer,.e-con>.elementor-widget-spacer{width:var(--container-widget-width,var(--spacer-size));--align-self:var(--container-widget-align-self,initial);--flex-shrink:0}.e-con-inner>.elementor-widget-spacer>.elementor-widget-container,.e-con>.elementor-widget-spacer>.elementor-widget-container{height:100%;width:100%}.e-con-inner>.elementor-widget-spacer>.elementor-widget-container>.elementor-spacer,.e-con>.elementor-widget-spacer>.elementor-widget-container>.elementor-spacer{height:100%}.e-con-inner>.elementor-widget-spacer>.elementor-widget-container>.elementor-spacer>.elementor-spacer-inner,.e-con>.elementor-widget-spacer>.elementor-widget-container>.elementor-spacer>.elementor-spacer-inner{height:var(--container-widget-height,var(--spacer-size))}.e-con-inner>.elementor-widget-spacer.elementor-widget-empty,.e-con>.elementor-widget-spacer.elementor-widget-empty{position:relative;min-height:22px;min-width:22px}.e-con-inner>.elementor-widget-spacer.elementor-widget-empty .elementor-widget-empty-icon,.e-con>.elementor-widget-spacer.elementor-widget-empty .elementor-widget-empty-icon{position:absolute;top:0;bottom:0;left:0;right:0;margin:auto;padding:0;width:22px;height:22px}<\/style>\t\t<div class=\"elementor-spacer\">\n\t\t\t<div class=\"elementor-spacer-inner\"><\/div>\n\t\t<\/div>\n\t\t\t\t<\/div>\n\t\t\t\t<\/div>\n\t\t\t\t\t<\/div>\n\t\t\t\t<\/div>\n\t\t<div class=\"elementor-element elementor-element-4bbc0f4 e-grid e-con-boxed e-con e-parent\" data-id=\"4bbc0f4\" data-element_type=\"container\">\n\t\t\t\t\t<div class=\"e-con-inner\">\n\t\t\t\t<div class=\"elementor-element elementor-element-db8a368 elementor-widget elementor-widget-text-editor\" data-id=\"db8a368\" data-element_type=\"widget\" data-widget_type=\"text-editor.default\">\n\t\t\t\t<div class=\"elementor-widget-container\">\n\t\t\t<style>\/*! elementor - v3.22.0 - 26-06-2024 *\/\n.elementor-widget-text-editor.elementor-drop-cap-view-stacked .elementor-drop-cap{background-color:#69727d;color:#fff}.elementor-widget-text-editor.elementor-drop-cap-view-framed .elementor-drop-cap{color:#69727d;border:3px solid;background-color:transparent}.elementor-widget-text-editor:not(.elementor-drop-cap-view-default) .elementor-drop-cap{margin-top:8px}.elementor-widget-text-editor:not(.elementor-drop-cap-view-default) .elementor-drop-cap-letter{width:1em;height:1em}.elementor-widget-text-editor .elementor-drop-cap{float:left;text-align:center;line-height:1;font-size:50px}.elementor-widget-text-editor .elementor-drop-cap-letter{display:inline-block}<\/style>\t\t\t\t<p>Nuestra p\u00e1gina de Recursos ofrece una selecci\u00f3n de enlaces relevantes relacionados con los programas del USDA y NRCS, incluyendo gu\u00edas detalladas sobre pr\u00e1cticas de conservaci\u00f3n, programas disponibles como el Programa de Incentivos de Calidad Ambiental (EQIP, por sus siglas en ingl\u00e9s) y videos que demuestran aplicaciones en el mundo real.<\/p><p>Whether looking for technical standards, land access opportunities, or support services, this page connects you with the best resources to support your agricultural journey.<\/p>\t\t\t\t\t\t<\/div>\n\t\t\t\t<\/div>\n\t\t\t\t<div class=\"elementor-element elementor-element-a1807a2 elementor-widget elementor-widget-image\" data-id=\"a1807a2\" data-element_type=\"widget\" data-widget_type=\"image.default\">\n\t\t\t\t<div class=\"elementor-widget-container\">\n\t\t\t<style>\/*! elementor - v3.22.0 - 26-06-2024 *\/\n.elementor-widget-image{text-align:center}.elementor-widget-image a{display:inline-block}.elementor-widget-image a img[src$=\".svg\"]{width:48px}.elementor-widget-image img{vertical-align:middle;display:inline-block}<\/style>\t\t\t\t\t\t\t\t\t\t<img fetchpriority=\"high\" decoding=\"async\" width=\"390\" height=\"250\" src=\"https:\/\/www.nlfrta.org\/wp-content\/uploads\/2024\/09\/Screenshot-2024-09-24-at-16.23.08-390x250.png\" class=\"attachment-poket-blog6-default size-poket-blog6-default wp-image-12678\" alt=\"\" srcset=\"https:\/\/www.nlfrta.org\/wp-content\/uploads\/2024\/09\/Screenshot-2024-09-24-at-16.23.08-390x250.png 390w, https:\/\/www.nlfrta.org\/wp-content\/uploads\/2024\/09\/Screenshot-2024-09-24-at-16.23.08-18x12.png 18w\" sizes=\"(max-width: 390px) 100vw, 390px\" \/>\t\t\t\t\t\t\t\t\t\t\t\t\t<\/div>\n\t\t\t\t<\/div>\n\t\t\t\t\t<\/div>\n\t\t\t\t<\/div>\n\t\t\t\t<section class=\"elementor-section elementor-inner-section elementor-element elementor-element-008e6c9 elementor-section-boxed elementor-section-height-default elementor-section-height-default\" data-id=\"008e6c9\" data-element_type=\"section\">\n\t\t\t\t\t\t<div class=\"elementor-container elementor-column-gap-default\">\n\t\t\t\t\t<div class=\"elementor-column elementor-col-100 elementor-inner-column elementor-element elementor-element-3c32bb2\" data-id=\"3c32bb2\" data-element_type=\"column\">\n\t\t\t<div class=\"elementor-widget-wrap elementor-element-populated\">\n\t\t\t\t<div class=\"elementor-element elementor-element-bbdb132 e-grid e-con-boxed e-con e-parent\" data-id=\"bbdb132\" data-element_type=\"container\">\n\t\t\t\t\t<div class=\"e-con-inner\">\n\t\t\t\t<div class=\"elementor-element elementor-element-387f763 poket-star-rating--align-center elementor-widget elementor-widget-witr_section_title\" data-id=\"387f763\" data-element_type=\"widget\" data-widget_type=\"witr_section_title.default\">\n\t\t\t\t<div class=\"elementor-widget-container\">\n\t\t\t\t\t\t\t\t<!-- title center -->\n\t\t\t\t\t<div class=\"witr_section_title\">\n\t\t\t\t\t\t<div class=\"witr_section_title_inner text-center\">\n\n\t\t\t\t\t\t\t<!-- icon position -->\n\t\t\t\t\t\t\t\t\n\t\t\t\t\t\t\t<!-- end icon position -->\n\t\t\t\t\t\t\t\n\t\t\t\t\t\t\n\t\t\t\t\t\t\t<!-- title top -->\n\t\t\t\t\t\t\t\n\n\t\t\t\t\t\t\t<!-- icon position -->\n\t\t\t\t\t\t\t\t\n\t\t\t\t\t\t\t<!-- end icon position -->\n\n\n\t\t\t\t\t\t\t\n\t\t\t\t\t\t\t<!-- title middle -->\n\t\t\t\t\t\t\t\t\t\t\t\t\t\t<!-- title bottom -->\n\t\t\t\t\t\t\t\t\t\t\t\t\t\t\t<h1>Useful links and USDA resources<\/h1>\t\t\n\t\t\t\t\t\t\t\n\t\t\t\t\t\t\t\n\t\t\t\t\t\t\t\n\t\t\t\t\t\t\t\t\t\t\t\t\t\t\n\t\t\t\t\t\t\t<!-- image -->\n\t\t\t\t\t\t\t\t\t\t\t\t\t\t<!-- icon -->\n\t\t\t\t\t\t\t\t\t\t\t\t\t\t\n\t\t\t\t\t\t\t<!-- bar -->\n\t\t\t\t\t\t\t\t\t\t\t\t\t\t<!-- circle bar -->\n\t\t\t\t\t\t\t\t\t\t\t\t\t\t\n\t\t\t\t\t\t\t\t\n\t\t\t\t\t\t\t\n\n\t\t\t\t\t\t\t\n\t\t\t\t\t\t\t<!-- content -->\n\t\t\t\t\t\t\t\t\t\t\t\t\t\t\n\t\t\t\t\t\t<\/div>\n\t\t\t\t\t\t\t<!-- inner title -->\n\t\t\t\t\t\t\t\t\t\t\t\t\t\n\t\t\t\t\t<\/div>\n\n\t\t\t\t\t\t<\/div>\n\t\t\t\t<\/div>\n\t\t\t\t\t<\/div>\n\t\t\t\t<\/div>\n\t\t\t\t<div class=\"elementor-element elementor-element-7f29bc8 elementor-widget elementor-widget-spacer\" data-id=\"7f29bc8\" data-element_type=\"widget\" data-widget_type=\"spacer.default\">\n\t\t\t\t<div class=\"elementor-widget-container\">\n\t\t\t\t\t<div class=\"elementor-spacer\">\n\t\t\t<div class=\"elementor-spacer-inner\"><\/div>\n\t\t<\/div>\n\t\t\t\t<\/div>\n\t\t\t\t<\/div>\n\t\t\t\t<div class=\"elementor-element elementor-element-fc5cdec elementor-widget elementor-widget-text-editor\" data-id=\"fc5cdec\" data-element_type=\"widget\" data-widget_type=\"text-editor.default\">\n\t\t\t\t<div class=\"elementor-widget-container\">\n\t\t\t\t\t\t\t<p><a href=\"https:\/\/www.farmers.gov\/working-with-us\/USDA-service-centers\" data-saferedirecturl=\"https:\/\/www.google.com\/url?q=https:\/\/www.farmers.gov\/working-with-us\/USDA-service-centers&amp;source=gmail&amp;ust=1727304149339000&amp;usg=AOvVaw2TRZ81BHjALMXiXDdyIYii\">\u2022 Gu\u00eda de inicio en tu Centro de Servicio del USDA<\/a><\/p><p><a href=\"https:\/\/www.farmers.gov\/working-with-us\/USDA-service-centers\" data-saferedirecturl=\"https:\/\/www.google.com\/url?q=https:\/\/www.farmers.gov\/working-with-us\/USDA-service-centers&amp;source=gmail&amp;ust=1727304149339000&amp;usg=AOvVaw2TRZ81BHjALMXiXDdyIYii\">\u2022 <\/a><a href=\"https:\/\/www.farmers.gov\/your-business\/beginning-farmers\" data-saferedirecturl=\"https:\/\/www.google.com\/url?q=https:\/\/www.farmers.gov\/your-business\/beginning-farmers&amp;source=gmail&amp;ust=1727304149339000&amp;usg=AOvVaw2sJpunGjh8VqtCxq_6XADX\">C\u00f3mo iniciar una granja para agricultores y ganaderos principiantes<\/a><\/p><p><a href=\"https:\/\/www.farmers.gov\/working-with-us\/USDA-service-centers\" data-saferedirecturl=\"https:\/\/www.google.com\/url?q=https:\/\/www.farmers.gov\/working-with-us\/USDA-service-centers&amp;source=gmail&amp;ust=1727304149339000&amp;usg=AOvVaw2TRZ81BHjALMXiXDdyIYii\">\u2022 <\/a><a href=\"https:\/\/www.nrcs.usda.gov\/conservation-basics\/conservation-by-state\/new-mexico\" data-saferedirecturl=\"https:\/\/www.google.com\/url?q=https:\/\/www.nrcs.usda.gov\/conservation-basics\/conservation-by-state\/new-mexico&amp;source=gmail&amp;ust=1727304149339000&amp;usg=AOvVaw1uvK4mDrwXMg4PutZGv_yB\">Servicio de Conservaci\u00f3n de Recursos Naturales de Nuevo M\u00e9xico<\/a>\u00a0<\/p><p>(en la secci\u00f3n Programas e iniciativas, hay una lista completa de todos los programas disponibles, incluido el Programa de Incentivos de Calidad Ambiental EQIP)<\/p><p><a href=\"https:\/\/www.farmers.gov\/working-with-us\/USDA-service-centers\" data-saferedirecturl=\"https:\/\/www.google.com\/url?q=https:\/\/www.farmers.gov\/working-with-us\/USDA-service-centers&amp;source=gmail&amp;ust=1727304149339000&amp;usg=AOvVaw2TRZ81BHjALMXiXDdyIYii\">\u2022 <\/a><a href=\"https:\/\/efotg.sc.egov.usda.gov\/#\/\" data-saferedirecturl=\"https:\/\/www.google.com\/url?q=https:\/\/efotg.sc.egov.usda.gov\/%23\/&amp;source=gmail&amp;ust=1727304149339000&amp;usg=AOvVaw2BydhBTrUki-vW_OX8r8fU\">Gu\u00eda t\u00e9cnica de la oficina de campo NRCS \u2013 USDA<\/a>\u00a0<\/p><p>(Secci\u00f3n 4: Est\u00e1ndares de pr\u00e1cticas de conservaci\u00f3n y documentos de apoyo)<\/p><p><a href=\"https:\/\/www.farmers.gov\/working-with-us\/USDA-service-centers\" data-saferedirecturl=\"https:\/\/www.google.com\/url?q=https:\/\/www.farmers.gov\/working-with-us\/USDA-service-centers&amp;source=gmail&amp;ust=1727304149339000&amp;usg=AOvVaw2TRZ81BHjALMXiXDdyIYii\">\u2022 <\/a><a href=\"https:\/\/www.youtube.com\/playlist?list=PL4J8PxoprpGZ2F23YzTa3QjSDfj-lK2ZB\" data-saferedirecturl=\"https:\/\/www.google.com\/url?q=https:\/\/www.youtube.com\/playlist?list%3DPL4J8PxoprpGZ2F23YzTa3QjSDfj-lK2ZB&amp;source=gmail&amp;ust=1727304149339000&amp;usg=AOvVaw2-fkptmVYmiM4JmorWPzUe\">Conservaci\u00f3n en el trabajo<\/a>\u00a0<\/p><p>(videos de pr\u00e1cticas de conservaci\u00f3n que muestran qu\u00e9 son y c\u00f3mo funcionan en el campo)<\/p><p><a href=\"https:\/\/www.farmers.gov\/working-with-us\/USDA-service-centers\" data-saferedirecturl=\"https:\/\/www.google.com\/url?q=https:\/\/www.farmers.gov\/working-with-us\/USDA-service-centers&amp;source=gmail&amp;ust=1727304149339000&amp;usg=AOvVaw2TRZ81BHjALMXiXDdyIYii\">\u2022 <\/a><a href=\"https:\/\/www.nrcs.usda.gov\/conservation-basics\/conservation-by-state\/new-mexico\/new-mexico-nrcs-contacts\" data-saferedirecturl=\"https:\/\/www.google.com\/url?q=https:\/\/www.nrcs.usda.gov\/conservation-basics\/conservation-by-state\/new-mexico\/new-mexico-nrcs-contacts&amp;source=gmail&amp;ust=1727304149340000&amp;usg=AOvVaw0maraDxnVMRtX2TqLuJs4H\">Contactos del NRCS de Nuevo M\u00e9xico <\/a><\/p><p><a href=\"https:\/\/www.farmers.gov\/working-with-us\/USDA-service-centers\" data-saferedirecturl=\"https:\/\/www.google.com\/url?q=https:\/\/www.farmers.gov\/working-with-us\/USDA-service-centers&amp;source=gmail&amp;ust=1727304149339000&amp;usg=AOvVaw2TRZ81BHjALMXiXDdyIYii\">\u2022 <\/a><a href=\"https:\/\/www.fsa.usda.gov\/state-offices\/New-Mexico\/index\">Oficina estatal de Nuevo M\u00e9xico de la Agencia de Servicios Agr\u00edcolas<\/a><\/p><p><a href=\"https:\/\/www.farmers.gov\/working-with-us\/USDA-service-centers\" data-saferedirecturl=\"https:\/\/www.google.com\/url?q=https:\/\/www.farmers.gov\/working-with-us\/USDA-service-centers&amp;source=gmail&amp;ust=1727304149339000&amp;usg=AOvVaw2TRZ81BHjALMXiXDdyIYii\">\u2022 <\/a><a href=\"https:\/\/www.rma.usda.gov\/\">Agencia de Gesti\u00f3n de Riesgos RMA<\/a><\/p><p><a href=\"https:\/\/www.farmers.gov\/working-with-us\/USDA-service-centers\" data-saferedirecturl=\"https:\/\/www.google.com\/url?q=https:\/\/www.farmers.gov\/working-with-us\/USDA-service-centers&amp;source=gmail&amp;ust=1727304149339000&amp;usg=AOvVaw2TRZ81BHjALMXiXDdyIYii\">\u2022 <\/a><a href=\"https:\/\/www.rd.usda.gov\/nm\">Desarrollo Rural de Nuevo M\u00e9xico<\/a><\/p><p><a href=\"https:\/\/www.farmers.gov\/working-with-us\/USDA-service-centers\" data-saferedirecturl=\"https:\/\/www.google.com\/url?q=https:\/\/www.farmers.gov\/working-with-us\/USDA-service-centers&amp;source=gmail&amp;ust=1727304149339000&amp;usg=AOvVaw2TRZ81BHjALMXiXDdyIYii\">\u2022 <\/a><a href=\"https:\/\/landlinknm.org\/\" data-saferedirecturl=\"https:\/\/www.google.com\/url?q=https:\/\/landlinknm.org\/&amp;source=gmail&amp;ust=1727304149339000&amp;usg=AOvVaw2TREGoqxhKqAFeq3YlA3J7\">New Mexico LandLink: conectando a agricultores y propietarios de tierras<\/a><\/p><p><a href=\"https:\/\/www.farmers.gov\/working-with-us\/USDA-service-centers\" data-saferedirecturl=\"https:\/\/www.google.com\/url?q=https:\/\/www.farmers.gov\/working-with-us\/USDA-service-centers&amp;source=gmail&amp;ust=1727304149339000&amp;usg=AOvVaw2TRZ81BHjALMXiXDdyIYii\">\u2022 <\/a><a href=\"https:\/\/extension.nmsu.edu\/\" data-saferedirecturl=\"https:\/\/www.google.com\/url?q=https:\/\/extension.nmsu.edu\/&amp;source=gmail&amp;ust=1727304149339000&amp;usg=AOvVaw3h5MAyXlmMiScEDQwQCMnM\">CES (Servicio Cooperativa de Extensi\u00f3n)<\/a><\/p>\t\t\t\t\t\t<\/div>\n\t\t\t\t<\/div>\n\t\t\t\t\t<\/div>\n\t\t<\/div>\n\t\t\t\t\t<\/div>\n\t\t<\/section>\n\t\t\t\t\t<\/div>\n\t\t<\/div>\n\t\t\t\t\t<\/div>\n\t\t<\/section>\n\t\t<div class=\"elementor-element elementor-element-a8106dc e-flex e-con-boxed e-con e-parent\" data-id=\"a8106dc\" data-element_type=\"container\">\n\t\t\t\t\t<div class=\"e-con-inner\">\n\t\t\t\t<div class=\"elementor-element elementor-element-2021986 elementor-widget elementor-widget-spacer\" data-id=\"2021986\" data-element_type=\"widget\" data-widget_type=\"spacer.default\">\n\t\t\t\t<div class=\"elementor-widget-container\">\n\t\t\t\t\t<div class=\"elementor-spacer\">\n\t\t\t<div class=\"elementor-spacer-inner\"><\/div>\n\t\t<\/div>\n\t\t\t\t<\/div>\n\t\t\t\t<\/div>\n\t\t\t\t\t<\/div>\n\t\t\t\t<\/div>\n\t\t\t\t<\/div>","protected":false},"excerpt":{"rendered":"<p>USDA Links At NLFR, we aim to provide farmers and ranchers with easy access to the tools and knowledge they need to thrive. Our Resources page offers a collection of essential links to USDA and NRCS programs, including detailed guides on conservation practices, available programs like the Environmental Quality Incentives Program (EQIP), and videos demonstrating [&hellip;]<\/p>","protected":false},"author":1,"featured_media":0,"parent":0,"menu_order":0,"comment_status":"closed","ping_status":"closed","template":"template-home.php","meta":{"ub_ctt_via":"","_monsterinsights_skip_tracking":false,"_monsterinsights_sitenote_active":false,"_monsterinsights_sitenote_note":"","_monsterinsights_sitenote_category":0,"footnotes":""},"class_list":["post-12639","page","type-page","status-publish","hentry"],"featured_image_src":null,"_links":{"self":[{"href":"https:\/\/www.nlfrta.org\/es\/wp-json\/wp\/v2\/pages\/12639","targetHints":{"allow":["GET"]}}],"collection":[{"href":"https:\/\/www.nlfrta.org\/es\/wp-json\/wp\/v2\/pages"}],"about":[{"href":"https:\/\/www.nlfrta.org\/es\/wp-json\/wp\/v2\/types\/page"}],"author":[{"embeddable":true,"href":"https:\/\/www.nlfrta.org\/es\/wp-json\/wp\/v2\/users\/1"}],"replies":[{"embeddable":true,"href":"https:\/\/www.nlfrta.org\/es\/wp-json\/wp\/v2\/comments?post=12639"}],"version-history":[{"count":99,"href":"https:\/\/www.nlfrta.org\/es\/wp-json\/wp\/v2\/pages\/12639\/revisions"}],"predecessor-version":[{"id":13168,"href":"https:\/\/www.nlfrta.org\/es\/wp-json\/wp\/v2\/pages\/12639\/revisions\/13168"}],"wp:attachment":[{"href":"https:\/\/www.nlfrta.org\/es\/wp-json\/wp\/v2\/media?parent=12639"}],"curies":[{"name":"wp","href":"https:\/\/api.w.org\/{rel}","templated":true}]}}